{"id":163,"date":"2025-05-30T08:52:50","date_gmt":"2025-05-30T06:52:50","guid":{"rendered":"http:\/\/kserowanie.pl\/?page_id=163"},"modified":"2025-05-30T11:21:06","modified_gmt":"2025-05-30T09:21:06","slug":"reklama-i-wielki-format","status":"publish","type":"page","link":"http:\/\/kserowanie.pl\/?page_id=163","title":{"rendered":"REKLAMA I WIELKI FORMAT"},"content":{"rendered":"\t\t<div data-elementor-type=\"wp-page\" data-elementor-id=\"163\" class=\"elementor elementor-163\">\n\t\t\t\t<div class=\"elementor-element elementor-element-1ae5c0a e-grid e-con-boxed e-con e-parent\" data-id=\"1ae5c0a\" data-element_type=\"container\" data-settings=\"{&quot;background_background&quot;:&quot;gradient&quot;}\">\n\t\t\t\t\t<div class=\"e-con-inner\">\n\t\t\t\t<div class=\"elementor-element elementor-element-ccb6cf3 elementor-invisible elementor-widget elementor-widget-heading\" data-id=\"ccb6cf3\" data-element_type=\"widget\" data-settings=\"{&quot;_animation&quot;:&quot;slideInLeft&quot;}\" data-widget_type=\"heading.default\">\n\t\t\t\t<div class=\"elementor-widget-container\">\n\t\t\t\t\t<h2 class=\"elementor-heading-title elementor-size-default\">REKLAMA I WIELKI FORMAT<\/h2>\t\t\t\t<\/div>\n\t\t\t\t<\/div>\n\t\t\t\t<div class=\"elementor-element elementor-element-da343a6 elementor-invisible elementor-widget elementor-widget-text-editor\" data-id=\"da343a6\" data-element_type=\"widget\" data-settings=\"{&quot;_animation&quot;:&quot;slideInRight&quot;}\" data-widget_type=\"text-editor.default\">\n\t\t\t\t<div class=\"elementor-widget-container\">\n\t\t\t\t\t\t\t\t\t<p dir=\"ltr\" data-pm-slice=\"1 1 []\">Wynie\u015b swoj\u0105 mark\u0119 na nowy poziom z PRINTER S.C.! Tworzymy efektowne reklamy zewn\u0119trzne i wielkoformatowe \u2013 banery, plakaty, szyldy i wi\u0119cej. Gwarantujemy \u017cywe kolory, trwa\u0142o\u015b\u0107 i b\u0142yskawiczn\u0105 realizacj\u0119. Z nami Twoja reklama przyci\u0105gnie ka\u017cdy wzrok!<\/p>\t\t\t\t\t\t\t\t<\/div>\n\t\t\t\t<\/div>\n\t\t\t\t\t<\/div>\n\t\t\t\t<\/div>\n\t\t<div class=\"elementor-element elementor-element-73850c9 e-flex e-con-boxed e-con e-parent\" data-id=\"73850c9\" data-element_type=\"container\">\n\t\t\t\t\t<div class=\"e-con-inner\">\n\t\t\t\t<div class=\"elementor-element elementor-element-7d4d922 elementor-widget elementor-widget-spacer\" data-id=\"7d4d922\" data-element_type=\"widget\" data-widget_type=\"spacer.default\">\n\t\t\t\t<div class=\"elementor-widget-container\">\n\t\t\t\t\t\t\t<div class=\"elementor-spacer\">\n\t\t\t<div class=\"elementor-spacer-inner\"><\/div>\n\t\t<\/div>\n\t\t\t\t\t\t<\/div>\n\t\t\t\t<\/div>\n\t\t\t\t\t<\/div>\n\t\t\t\t<\/div>\n\t\t<div class=\"elementor-element elementor-element-72697b6 e-grid e-con-boxed e-con e-parent\" data-id=\"72697b6\" data-element_type=\"container\">\n\t\t\t\t\t<div class=\"e-con-inner\">\n\t\t\t\t<div class=\"elementor-element elementor-element-f4fa688 elementor-widget elementor-widget-text-editor\" data-id=\"f4fa688\" data-element_type=\"widget\" data-widget_type=\"text-editor.default\">\n\t\t\t\t<div class=\"elementor-widget-container\">\n\t\t\t\t\t\t\t\t\t<p><strong>Wykonujemy mi\u0119dzy innymi:<\/strong><\/p><ul><li><strong>Banery reklamowe<\/strong> \u2013 trwa\u0142e, odporne na warunki atmosferyczne, w dowolnych rozmiarach.<\/li><li><strong>Plakaty wielkoformatowe<\/strong> \u2013 do u\u017cytku zewn\u0119trznego, w formatach A0, B1 lub wi\u0119kszych.<\/li><li><strong>Billboardy<\/strong> \u2013 wielkostronicowe reklamy na konstrukcjach zewn\u0119trznych.<\/li><li><strong>Folie samoprzylepne<\/strong> \u2013 do oklejania witryn, pojazd\u00f3w lub tablic reklamowych.<\/li><li><strong>Siatki mesh<\/strong> \u2013 lekkie, przepuszczaj\u0105ce powietrze banery na du\u017ce powierzchnie.<\/li><li><strong>Roll-upy<\/strong> \u2013 przeno\u015bne stojaki reklamowe do ekspozycji zewn\u0119trznych i wewn\u0119trznych.<\/li><li><strong>Flagi reklamowe<\/strong> \u2013 z nadrukiem firmowym, idealne na eventy i promocje.<\/li><li><strong>Tablice i szyldy reklamowe<\/strong> \u2013 z PCV, dibondu lub plexi, odporne na warunki pogodowe.<\/li><li><strong>Naklejki pod\u0142ogowe<\/strong> \u2013 do oznakowania przestrzeni zewn\u0119trznych lub wewn\u0119trznych.<\/li><li><strong>Plandeki z nadrukiem<\/strong> \u2013 na ogrodzenia, rusztowania lub naczepy.<\/li><li><strong>Kasetony<\/strong> <strong>\u015bwietlne<\/strong> \u2013\u00a0 do monta\u017cu na elewacjach.<\/li><li><strong>Piecz\u0105tki<\/strong> \u2013 firmowe, imienne, datowniki, z indywidualnym projektem i szybk\u0105 realizacj\u0105.<\/li><li><strong>Grawerowanie laserowe<\/strong> \u2013 na materia\u0142ach takich jak drewno, metal, szk\u0142o, plexi (np. tabliczki, breloki, gad\u017cety reklamowe).<\/li><\/ul><p><strong>&#8230; i wiele, wiele innych.<\/strong><\/p>\t\t\t\t\t\t\t\t<\/div>\n\t\t\t\t<\/div>\n\t\t\t\t<div class=\"elementor-element elementor-element-809a388 elementor-widget elementor-widget-image\" data-id=\"809a388\" data-element_type=\"widget\" data-widget_type=\"image.default\">\n\t\t\t\t<div class=\"elementor-widget-container\">\n\t\t\t\t\t\t\t\t\t\t\t\t\t\t\t<img fetchpriority=\"high\" decoding=\"async\" width=\"720\" height=\"960\" src=\"http:\/\/kserowanie.pl\/wp-content\/uploads\/2025\/05\/image-3-2.jpg\" class=\"attachment-large size-large wp-image-356\" alt=\"\" srcset=\"http:\/\/kserowanie.pl\/wp-content\/uploads\/2025\/05\/image-3-2.jpg 720w, http:\/\/kserowanie.pl\/wp-content\/uploads\/2025\/05\/image-3-2-225x300.jpg 225w\" sizes=\"(max-width: 720px) 100vw, 720px\" \/>\t\t\t\t\t\t\t\t\t\t\t\t\t\t\t<\/div>\n\t\t\t\t<\/div>\n\t\t\t\t\t<\/div>\n\t\t\t\t<\/div>\n\t\t<div class=\"elementor-element elementor-element-4578ae9 e-flex e-con-boxed e-con e-parent\" data-id=\"4578ae9\" data-element_type=\"container\">\n\t\t\t\t\t<div class=\"e-con-inner\">\n\t\t\t\t<div class=\"elementor-element elementor-element-aa73557 elementor-widget elementor-widget-spacer\" data-id=\"aa73557\" data-element_type=\"widget\" data-widget_type=\"spacer.default\">\n\t\t\t\t<div class=\"elementor-widget-container\">\n\t\t\t\t\t\t\t<div class=\"elementor-spacer\">\n\t\t\t<div class=\"elementor-spacer-inner\"><\/div>\n\t\t<\/div>\n\t\t\t\t\t\t<\/div>\n\t\t\t\t<\/div>\n\t\t\t\t\t<\/div>\n\t\t\t\t<\/div>\n\t\t<div class=\"elementor-element elementor-element-cfaf592 e-flex e-con-boxed e-con e-parent\" data-id=\"cfaf592\" data-element_type=\"container\" data-settings=\"{&quot;background_background&quot;:&quot;gradient&quot;}\">\n\t\t\t\t\t<div class=\"e-con-inner\">\n\t\t\t\t\t<\/div>\n\t\t\t\t<\/div>\n\t\t\t\t<\/div>\n\t\t","protected":false},"excerpt":{"rendered":"<p>REKLAMA I WIELKI FORMAT Wynie\u015b swoj\u0105 mark\u0119 na nowy poziom z PRINTER S.C.! Tworzymy efektowne reklamy zewn\u0119trzne i wielkoformatowe \u2013 banery, plakaty, szyldy i wi\u0119cej. Gwarantujemy \u017cywe kolory, trwa\u0142o\u015b\u0107 i b\u0142yskawiczn\u0105 realizacj\u0119. Z nami Twoja reklama przyci\u0105gnie ka\u017cdy wzrok! Wykonujemy mi\u0119dzy innymi: Banery reklamowe \u2013 trwa\u0142e, odporne na warunki atmosferyczne, w dowolnych rozmiarach. Plakaty wielkoformatowe&hellip;&nbsp;<a href=\"http:\/\/kserowanie.pl\/?page_id=163\" rel=\"bookmark\"><span class=\"screen-reader-text\">REKLAMA I WIELKI FORMAT<\/span><\/a><\/p>\n","protected":false},"author":1,"featured_media":0,"parent":0,"menu_order":0,"comment_status":"closed","ping_status":"closed","template":"page-templates\/template-pagebuilder-full-width.php","meta":{"neve_meta_sidebar":"","neve_meta_container":"","neve_meta_enable_content_width":"","neve_meta_content_width":0,"neve_meta_title_alignment":"","neve_meta_author_avatar":"","neve_post_elements_order":"","neve_meta_disable_header":"","neve_meta_disable_footer":"","neve_meta_disable_title":"","footnotes":""},"class_list":["post-163","page","type-page","status-publish","hentry"],"_links":{"self":[{"href":"http:\/\/kserowanie.pl\/index.php?rest_route=\/wp\/v2\/pages\/163","targetHints":{"allow":["GET"]}}],"collection":[{"href":"http:\/\/kserowanie.pl\/index.php?rest_route=\/wp\/v2\/pages"}],"about":[{"href":"http:\/\/kserowanie.pl\/index.php?rest_route=\/wp\/v2\/types\/page"}],"author":[{"embeddable":true,"href":"http:\/\/kserowanie.pl\/index.php?rest_route=\/wp\/v2\/users\/1"}],"replies":[{"embeddable":true,"href":"http:\/\/kserowanie.pl\/index.php?rest_route=%2Fwp%2Fv2%2Fcomments&post=163"}],"version-history":[{"count":61,"href":"http:\/\/kserowanie.pl\/index.php?rest_route=\/wp\/v2\/pages\/163\/revisions"}],"predecessor-version":[{"id":391,"href":"http:\/\/kserowanie.pl\/index.php?rest_route=\/wp\/v2\/pages\/163\/revisions\/391"}],"wp:attachment":[{"href":"http:\/\/kserowanie.pl\/index.php?rest_route=%2Fwp%2Fv2%2Fmedia&parent=163"}],"curies":[{"name":"wp","href":"https:\/\/api.w.org\/{rel}","templated":true}]}}