{"id":298,"date":"2025-05-30T10:28:36","date_gmt":"2025-05-30T08:28:36","guid":{"rendered":"https:\/\/kserowanie.pl\/?page_id=298"},"modified":"2025-05-30T11:10:41","modified_gmt":"2025-05-30T09:10:41","slug":"druk-offsetowy","status":"publish","type":"page","link":"http:\/\/kserowanie.pl\/?page_id=298","title":{"rendered":"DRUK OFFSETOWY"},"content":{"rendered":"\t\t<div data-elementor-type=\"wp-page\" data-elementor-id=\"298\" class=\"elementor elementor-298\">\n\t\t\t\t<div class=\"elementor-element elementor-element-1ad5265 e-grid e-con-boxed e-con e-parent\" data-id=\"1ad5265\" data-element_type=\"container\" data-settings=\"{&quot;background_background&quot;:&quot;gradient&quot;}\">\n\t\t\t\t\t<div class=\"e-con-inner\">\n\t\t\t\t<div class=\"elementor-element elementor-element-13bab85 elementor-invisible elementor-widget elementor-widget-heading\" data-id=\"13bab85\" data-element_type=\"widget\" data-settings=\"{&quot;_animation&quot;:&quot;slideInLeft&quot;}\" data-widget_type=\"heading.default\">\n\t\t\t\t<div class=\"elementor-widget-container\">\n\t\t\t\t\t<h2 class=\"elementor-heading-title elementor-size-default\">DRUK OFFSETOWY<\/h2>\t\t\t\t<\/div>\n\t\t\t\t<\/div>\n\t\t\t\t<div class=\"elementor-element elementor-element-8a12a2c elementor-invisible elementor-widget elementor-widget-text-editor\" data-id=\"8a12a2c\" data-element_type=\"widget\" data-settings=\"{&quot;_animation&quot;:&quot;slideInRight&quot;}\" data-widget_type=\"text-editor.default\">\n\t\t\t\t<div class=\"elementor-widget-container\">\n\t\t\t\t\t\t\t\t\t<p>Wybierz druk offsetowy \u2013 gwarancj\u0119 najwy\u017cszej jako\u015bci w du\u017cych nak\u0142adach! Tw\u00f3rz ulotki, foldery i katalogi z perfekcyjnym odwzorowaniem kolor\u00f3w i detali. Trwa\u0142o\u015b\u0107, precyzja i profesjonalizm w ka\u017cdym wydruku \u2013 zaufaj sprawdzonej technologii i wyr\u00f3\u017cnij si\u0119 na rynku!<\/p>\t\t\t\t\t\t\t\t<\/div>\n\t\t\t\t<\/div>\n\t\t\t\t\t<\/div>\n\t\t\t\t<\/div>\n\t\t<div class=\"elementor-element elementor-element-32cab64 e-flex e-con-boxed e-con e-parent\" data-id=\"32cab64\" data-element_type=\"container\">\n\t\t\t\t\t<div class=\"e-con-inner\">\n\t\t\t\t<div class=\"elementor-element elementor-element-dad0027 elementor-widget elementor-widget-spacer\" data-id=\"dad0027\" data-element_type=\"widget\" data-widget_type=\"spacer.default\">\n\t\t\t\t<div class=\"elementor-widget-container\">\n\t\t\t\t\t\t\t<div class=\"elementor-spacer\">\n\t\t\t<div class=\"elementor-spacer-inner\"><\/div>\n\t\t<\/div>\n\t\t\t\t\t\t<\/div>\n\t\t\t\t<\/div>\n\t\t\t\t\t<\/div>\n\t\t\t\t<\/div>\n\t\t<div class=\"elementor-element elementor-element-0f87ce2 e-grid e-con-boxed e-con e-parent\" data-id=\"0f87ce2\" data-element_type=\"container\">\n\t\t\t\t\t<div class=\"e-con-inner\">\n\t\t\t\t<div class=\"elementor-element elementor-element-8222171 elementor-widget elementor-widget-text-editor\" data-id=\"8222171\" data-element_type=\"widget\" data-widget_type=\"text-editor.default\">\n\t\t\t\t<div class=\"elementor-widget-container\">\n\t\t\t\t\t\t\t\t\t<h1>Druk offsetowy<\/h1><p>Druk offsetowy to technika druku p\u0142askiego, w kt\u00f3rej obraz przenoszony jest z matrycy na gumowy cylinder, a nast\u0119pnie na papier. Charakteryzuje si\u0119 wysok\u0105 jako\u015bci\u0105, precyzj\u0105 kolor\u00f3w i ekonomiczno\u015bci\u0105 przy du\u017cych nak\u0142adach. Wykorzystywany jest w przemy\u015ble poligraficznym do produkcji r\u00f3\u017cnorodnych materia\u0142\u00f3w. Uszlachetnienia, takie jak lakier wybi\u00f3rczy (podkre\u015blaj\u0105cy wybrane elementy po\u0142yskiem), folia soft-touch (nadaj\u0105ca aksamitn\u0105 faktur\u0119), t\u0142oczenie (tworz\u0105ce wypuk\u0142e wzory) czy folia metalizowana (dodaj\u0105ca po\u0142ysk metaliczny), zwi\u0119kszaj\u0105 atrakcyjno\u015b\u0107 wizualn\u0105 i trwa\u0142o\u015b\u0107 produkt\u00f3w.<\/p><h2>Produkty drukowane w technice offsetowej:<\/h2><ul><li>Ksi\u0105\u017cki<\/li><li>Gazety i czasopisma<\/li><li>Ulotki i plakaty<\/li><li>Broszury i katalogi<\/li><li>Opakowania (np. kartonowe)<\/li><li>Etykiety<\/li><li>Kalendarze<\/li><li>Wizyt\u00f3wki<\/li><\/ul>\t\t\t\t\t\t\t\t<\/div>\n\t\t\t\t<\/div>\n\t\t\t\t<div class=\"elementor-element elementor-element-5bd4195 elementor-widget elementor-widget-image\" data-id=\"5bd4195\" data-element_type=\"widget\" data-widget_type=\"image.default\">\n\t\t\t\t<div class=\"elementor-widget-container\">\n\t\t\t\t\t\t\t\t\t\t\t\t\t\t\t<img fetchpriority=\"high\" decoding=\"async\" width=\"720\" height=\"960\" src=\"http:\/\/kserowanie.pl\/wp-content\/uploads\/2025\/05\/image-2-1.jpg\" class=\"attachment-large size-large wp-image-347\" alt=\"\" srcset=\"http:\/\/kserowanie.pl\/wp-content\/uploads\/2025\/05\/image-2-1.jpg 720w, http:\/\/kserowanie.pl\/wp-content\/uploads\/2025\/05\/image-2-1-225x300.jpg 225w\" sizes=\"(max-width: 720px) 100vw, 720px\" \/>\t\t\t\t\t\t\t\t\t\t\t\t\t\t\t<\/div>\n\t\t\t\t<\/div>\n\t\t\t\t\t<\/div>\n\t\t\t\t<\/div>\n\t\t<div class=\"elementor-element elementor-element-42dfbb4 e-flex e-con-boxed e-con e-parent\" data-id=\"42dfbb4\" data-element_type=\"container\">\n\t\t\t\t\t<div class=\"e-con-inner\">\n\t\t\t\t<div class=\"elementor-element elementor-element-3f17767 elementor-widget elementor-widget-spacer\" data-id=\"3f17767\" data-element_type=\"widget\" data-widget_type=\"spacer.default\">\n\t\t\t\t<div class=\"elementor-widget-container\">\n\t\t\t\t\t\t\t<div class=\"elementor-spacer\">\n\t\t\t<div class=\"elementor-spacer-inner\"><\/div>\n\t\t<\/div>\n\t\t\t\t\t\t<\/div>\n\t\t\t\t<\/div>\n\t\t\t\t\t<\/div>\n\t\t\t\t<\/div>\n\t\t<div class=\"elementor-element elementor-element-eb55778 e-flex e-con-boxed e-con e-parent\" data-id=\"eb55778\" data-element_type=\"container\" data-settings=\"{&quot;background_background&quot;:&quot;gradient&quot;}\">\n\t\t\t\t\t<div class=\"e-con-inner\">\n\t\t\t\t\t<\/div>\n\t\t\t\t<\/div>\n\t\t\t\t<\/div>\n\t\t","protected":false},"excerpt":{"rendered":"<p>DRUK OFFSETOWY Wybierz druk offsetowy \u2013 gwarancj\u0119 najwy\u017cszej jako\u015bci w du\u017cych nak\u0142adach! Tw\u00f3rz ulotki, foldery i katalogi z perfekcyjnym odwzorowaniem kolor\u00f3w i detali. Trwa\u0142o\u015b\u0107, precyzja i profesjonalizm w ka\u017cdym wydruku \u2013 zaufaj sprawdzonej technologii i wyr\u00f3\u017cnij si\u0119 na rynku! Druk offsetowy Druk offsetowy to technika druku p\u0142askiego, w kt\u00f3rej obraz przenoszony jest z matrycy na&hellip;&nbsp;<a href=\"http:\/\/kserowanie.pl\/?page_id=298\" rel=\"bookmark\"><span class=\"screen-reader-text\">DRUK OFFSETOWY<\/span><\/a><\/p>\n","protected":false},"author":1,"featured_media":0,"parent":0,"menu_order":0,"comment_status":"closed","ping_status":"closed","template":"","meta":{"neve_meta_sidebar":"","neve_meta_container":"","neve_meta_enable_content_width":"","neve_meta_content_width":0,"neve_meta_title_alignment":"","neve_meta_author_avatar":"","neve_post_elements_order":"","neve_meta_disable_header":"","neve_meta_disable_footer":"","neve_meta_disable_title":"","footnotes":""},"class_list":["post-298","page","type-page","status-publish","hentry"],"_links":{"self":[{"href":"http:\/\/kserowanie.pl\/index.php?rest_route=\/wp\/v2\/pages\/298","targetHints":{"allow":["GET"]}}],"collection":[{"href":"http:\/\/kserowanie.pl\/index.php?rest_route=\/wp\/v2\/pages"}],"about":[{"href":"http:\/\/kserowanie.pl\/index.php?rest_route=\/wp\/v2\/types\/page"}],"author":[{"embeddable":true,"href":"http:\/\/kserowanie.pl\/index.php?rest_route=\/wp\/v2\/users\/1"}],"replies":[{"embeddable":true,"href":"http:\/\/kserowanie.pl\/index.php?rest_route=%2Fwp%2Fv2%2Fcomments&post=298"}],"version-history":[{"count":31,"href":"http:\/\/kserowanie.pl\/index.php?rest_route=\/wp\/v2\/pages\/298\/revisions"}],"predecessor-version":[{"id":370,"href":"http:\/\/kserowanie.pl\/index.php?rest_route=\/wp\/v2\/pages\/298\/revisions\/370"}],"wp:attachment":[{"href":"http:\/\/kserowanie.pl\/index.php?rest_route=%2Fwp%2Fv2%2Fmedia&parent=298"}],"curies":[{"name":"wp","href":"https:\/\/api.w.org\/{rel}","templated":true}]}}